{"id":3042,"date":"2021-03-05T17:18:44","date_gmt":"2021-03-05T16:18:44","guid":{"rendered":"https:\/\/www.lekarenmaja.sk\/?page_id=3042"},"modified":"2021-05-10T21:00:44","modified_gmt":"2021-05-10T19:00:44","slug":"zoznam-kategorizovanych-liekov-kategorizalt-gyogyszerek-listaja","status":"publish","type":"page","link":"https:\/\/www.lekarenmaja.sk\/hu\/zoznam-kategorizovanych-liekov-kategorizalt-gyogyszerek-listaja\/","title":{"rendered":"kategoriz\u00e1lt gy\u00f3gyszerek list\u00e1ja"},"content":{"rendered":"<div style=\"height:30px\" aria-hidden=\"true\" class=\"wp-block-spacer\"><\/div>\n\n\n\n<p class=\"has-text-align-center has-light-green-cyan-color has-text-color\" style=\"font-size:18px\"><span style=\"color:#edce79\" class=\"has-inline-color\"><strong>teljes inform\u00e1ci\u00f3k a v\u00e9nyk\u00f6teles gy\u00f3gyszerekr\u0151l \u00e9s azok hozz\u00e1fizet\u00e9seir\u0151l<\/strong><\/span><\/p>\n\n\n\n<p class=\"has-text-align-center\">a k\u00e9nyelmesebb megtekint\u00e9s \u00e9s keres\u00e9s \u00e9rdek\u00e9ben javasoljuk a sz\u00e1m\u00edt\u00f3g\u00e9p haszn\u00e1lat\u00e1t\n\n\n\n<p class=\"has-text-align-center\"><strong><a class=\"maxbutton-5 maxbutton maxbutton-databaza-adc\" target=\"_blank\" title=\"bet\u00f6lti az aktu\u00e1lis adatb\u00e1zist\" rel=\"noopener\" href=\"https:\/\/www.adc.sk\/databazy\/humanne-lieky\/kategorizacia\"><span class='mb-text'>bet\u00f6lti az aktu\u00e1lis adatb\u00e1zist<\/span><\/a><\/strong><\/p>\n\n\n\n<div style=\"height:40px\" aria-hidden=\"true\" class=\"wp-block-spacer\"><\/div>\n\n\n\n<div class=\"wp-block-image is-style-rounded\"><figure class=\"aligncenter size-medium is-resized\"><img loading=\"lazy\" src=\"https:\/\/www.lekarenmaja.sk\/wp-content\/uploads\/2021\/02\/pill-300x300.png\" alt=\"kategorizovan\u00e9 lieky hum\u00e1nne lieky datab\u00e1za liekov doplatky za lieky na recept predpis lek\u00e1re\u0148 Maja \u0160t\u00farovo\" class=\"wp-image-2024\" width=\"150\" height=\"150\" srcset=\"https:\/\/www.lekarenmaja.sk\/wp-content\/uploads\/2021\/02\/pill-300x300.png 300w, https:\/\/www.lekarenmaja.sk\/wp-content\/uploads\/2021\/02\/pill-150x150.png 150w, https:\/\/www.lekarenmaja.sk\/wp-content\/uploads\/2021\/02\/pill-500x500.png 500w, https:\/\/www.lekarenmaja.sk\/wp-content\/uploads\/2021\/02\/pill-600x600.png 600w, https:\/\/www.lekarenmaja.sk\/wp-content\/uploads\/2021\/02\/pill-100x100.png 100w, https:\/\/www.lekarenmaja.sk\/wp-content\/uploads\/2021\/02\/pill.png 640w\" sizes=\"(max-width: 150px) 100vw, 150px\" \/><\/figure><\/div>\n\n\n\n<p class=\"has-text-align-right\"><\/p>","protected":false},"excerpt":{"rendered":"<p>teljes inform\u00e1ci\u00f3k a v\u00e9nyk\u00f6teles gy\u00f3gyszerekr\u0151l \u00e9s azok hozz\u00e1fizet\u00e9seir\u0151l a k\u00e9nyelmesebb megtekint\u00e9s \u00e9s keres\u00e9s \u00e9rdek\u00e9ben javasoljuk a sz\u00e1m\u00edt\u00f3g\u00e9p haszn\u00e1lat\u00e1t<\/p>\n","protected":false},"author":1,"featured_media":0,"parent":0,"menu_order":0,"comment_status":"closed","ping_status":"closed","template":"","meta":[],"yoast_head":"<!-- This site is optimized with the Yoast SEO plugin v18.9 - https:\/\/yoast.com\/wordpress\/plugins\/seo\/ -->\n<title>kategoriz\u00e1lt gy\u00f3gyszerek list\u00e1ja - Lek\u00e1re\u0148 MAJA \u2022 \u0160t\u00farovo<\/title>\n<meta name=\"description\" content=\"str\u00e1nka obsahuje aktu\u00e1lnu datab\u00e1za liekov v\u017edy pre aktu\u00e1lny mesiac, \u013eahko vyh\u013ead\u00e1te a vopred zist\u00edte doplatok za lieky na recept\" \/>\n<meta name=\"robots\" content=\"index, follow, max-snippet:-1, max-image-preview:large, max-video-preview:-1\" \/>\n<link rel=\"canonical\" href=\"https:\/\/www.lekarenmaja.sk\/zoznam-kategorizovanych-liekov-kategorizalt-gyogyszerek-listaja\/\" \/>\n<meta property=\"og:locale\" content=\"hu_HU\" \/>\n<meta property=\"og:type\" content=\"article\" \/>\n<meta property=\"og:title\" content=\"kategoriz\u00e1lt gy\u00f3gyszerek list\u00e1ja - Lek\u00e1re\u0148 MAJA \u2022 \u0160t\u00farovo\" \/>\n<meta property=\"og:description\" content=\"str\u00e1nka obsahuje aktu\u00e1lnu datab\u00e1za liekov v\u017edy pre aktu\u00e1lny mesiac, \u013eahko vyh\u013ead\u00e1te a vopred zist\u00edte doplatok za lieky na recept\" \/>\n<meta property=\"og:url\" content=\"https:\/\/www.lekarenmaja.sk\/zoznam-kategorizovanych-liekov-kategorizalt-gyogyszerek-listaja\/\" \/>\n<meta property=\"og:site_name\" content=\"Lek\u00e1re\u0148 MAJA \u2022 \u0160t\u00farovo\" \/>\n<meta property=\"article:publisher\" content=\"https:\/\/www.facebook.com\/lekarenmaja\/\" \/>\n<meta property=\"article:modified_time\" content=\"2021-05-10T19:00:44+00:00\" \/>\n<meta property=\"og:image\" content=\"https:\/\/www.lekarenmaja.sk\/wp-content\/uploads\/2021\/02\/pill-300x300.png\" \/>\n<meta name=\"twitter:card\" content=\"summary_large_image\" \/>\n<meta name=\"twitter:label1\" content=\"Becs\u00fclt olvas\u00e1si id\u0151\" \/>\n\t<meta name=\"twitter:data1\" content=\"1 perc\" \/>\n<script type=\"application\/ld+json\" class=\"yoast-schema-graph\">{\"@context\":\"https:\/\/schema.org\",\"@graph\":[{\"@type\":\"Organization\",\"@id\":\"https:\/\/www.lekarenmaja.sk\/#organization\",\"name\":\"Lek\u00e1re\u0148 MAJA\",\"url\":\"https:\/\/www.lekarenmaja.sk\/\",\"sameAs\":[\"https:\/\/www.facebook.com\/lekarenmaja\/\"],\"logo\":{\"@type\":\"ImageObject\",\"inLanguage\":\"hu\",\"@id\":\"https:\/\/www.lekarenmaja.sk\/#\/schema\/logo\/image\/\",\"url\":\"https:\/\/www.lekarenmaja.sk\/wp-content\/uploads\/2021\/02\/cropped-lekaren_maja_sturovo_logo_green-e1612973564725-1.png\",\"contentUrl\":\"https:\/\/www.lekarenmaja.sk\/wp-content\/uploads\/2021\/02\/cropped-lekaren_maja_sturovo_logo_green-e1612973564725-1.png\",\"width\":2000,\"height\":765,\"caption\":\"Lek\u00e1re\u0148 MAJA\"},\"image\":{\"@id\":\"https:\/\/www.lekarenmaja.sk\/#\/schema\/logo\/image\/\"}},{\"@type\":\"WebSite\",\"@id\":\"https:\/\/www.lekarenmaja.sk\/#website\",\"url\":\"https:\/\/www.lekarenmaja.sk\/\",\"name\":\"+Lek\u00e1re\u0148 MAJA \u2022 \u0160t\u00farovo\",\"description\":\"GY\u00d3GYSZEREK NEKED ~ szolg\u00e1ltat\u00e1saink k\u00f6zelebb vannak hozz\u00e1d\",\"publisher\":{\"@id\":\"https:\/\/www.lekarenmaja.sk\/#organization\"},\"potentialAction\":[{\"@type\":\"SearchAction\",\"target\":{\"@type\":\"EntryPoint\",\"urlTemplate\":\"https:\/\/www.lekarenmaja.sk\/?s={search_term_string}\"},\"query-input\":\"required name=search_term_string\"}],\"inLanguage\":\"hu\"},{\"@type\":\"ImageObject\",\"inLanguage\":\"hu\",\"@id\":\"https:\/\/www.lekarenmaja.sk\/zoznam-kategorizovanych-liekov-kategorizalt-gyogyszerek-listaja\/#primaryimage\",\"url\":\"https:\/\/www.lekarenmaja.sk\/wp-content\/uploads\/2021\/02\/pill.png\",\"contentUrl\":\"https:\/\/www.lekarenmaja.sk\/wp-content\/uploads\/2021\/02\/pill.png\",\"width\":640,\"height\":640},{\"@type\":\"WebPage\",\"@id\":\"https:\/\/www.lekarenmaja.sk\/zoznam-kategorizovanych-liekov-kategorizalt-gyogyszerek-listaja\/#webpage\",\"url\":\"https:\/\/www.lekarenmaja.sk\/zoznam-kategorizovanych-liekov-kategorizalt-gyogyszerek-listaja\/\",\"name\":\"kategoriz\u00e1lt gy\u00f3gyszerek list\u00e1ja - Lek\u00e1re\u0148 MAJA \u2022 \u0160t\u00farovo\",\"isPartOf\":{\"@id\":\"https:\/\/www.lekarenmaja.sk\/#website\"},\"primaryImageOfPage\":{\"@id\":\"https:\/\/www.lekarenmaja.sk\/zoznam-kategorizovanych-liekov-kategorizalt-gyogyszerek-listaja\/#primaryimage\"},\"datePublished\":\"2021-03-05T16:18:44+00:00\",\"dateModified\":\"2021-05-10T19:00:44+00:00\",\"description\":\"str\u00e1nka obsahuje aktu\u00e1lnu datab\u00e1za liekov v\u017edy pre aktu\u00e1lny mesiac, \u013eahko vyh\u013ead\u00e1te a vopred zist\u00edte doplatok za lieky na recept\",\"breadcrumb\":{\"@id\":\"https:\/\/www.lekarenmaja.sk\/zoznam-kategorizovanych-liekov-kategorizalt-gyogyszerek-listaja\/#breadcrumb\"},\"inLanguage\":\"hu\",\"potentialAction\":[{\"@type\":\"ReadAction\",\"target\":[\"https:\/\/www.lekarenmaja.sk\/zoznam-kategorizovanych-liekov-kategorizalt-gyogyszerek-listaja\/\"]}]},{\"@type\":\"BreadcrumbList\",\"@id\":\"https:\/\/www.lekarenmaja.sk\/zoznam-kategorizovanych-liekov-kategorizalt-gyogyszerek-listaja\/#breadcrumb\",\"itemListElement\":[{\"@type\":\"ListItem\",\"position\":1,\"name\":\"Home\",\"item\":\"https:\/\/www.lekarenmaja.sk\/\"},{\"@type\":\"ListItem\",\"position\":2,\"name\":\"zoznam kategorizovan\u00fdch liekov\"}]}]}<\/script>\n<!-- \/ Yoast SEO plugin. -->","yoast_head_json":{"title":"kategoriz\u00e1lt gy\u00f3gyszerek list\u00e1ja - Lek\u00e1re\u0148 MAJA \u2022 \u0160t\u00farovo","description":"str\u00e1nka obsahuje aktu\u00e1lnu datab\u00e1za liekov v\u017edy pre aktu\u00e1lny mesiac, \u013eahko vyh\u013ead\u00e1te a vopred zist\u00edte doplatok za lieky na recept","robots":{"index":"index","follow":"follow","max-snippet":"max-snippet:-1","max-image-preview":"max-image-preview:large","max-video-preview":"max-video-preview:-1"},"canonical":"https:\/\/www.lekarenmaja.sk\/zoznam-kategorizovanych-liekov-kategorizalt-gyogyszerek-listaja\/","og_locale":"hu_HU","og_type":"article","og_title":"kategoriz\u00e1lt gy\u00f3gyszerek list\u00e1ja - Lek\u00e1re\u0148 MAJA \u2022 \u0160t\u00farovo","og_description":"str\u00e1nka obsahuje aktu\u00e1lnu datab\u00e1za liekov v\u017edy pre aktu\u00e1lny mesiac, \u013eahko vyh\u013ead\u00e1te a vopred zist\u00edte doplatok za lieky na recept","og_url":"https:\/\/www.lekarenmaja.sk\/zoznam-kategorizovanych-liekov-kategorizalt-gyogyszerek-listaja\/","og_site_name":"Lek\u00e1re\u0148 MAJA \u2022 \u0160t\u00farovo","article_publisher":"https:\/\/www.facebook.com\/lekarenmaja\/","article_modified_time":"2021-05-10T19:00:44+00:00","og_image":[{"url":"https:\/\/www.lekarenmaja.sk\/wp-content\/uploads\/2021\/02\/pill-300x300.png"}],"twitter_card":"summary_large_image","twitter_misc":{"Becs\u00fclt olvas\u00e1si id\u0151":"1 perc"},"schema":{"@context":"https:\/\/schema.org","@graph":[{"@type":"Organization","@id":"https:\/\/www.lekarenmaja.sk\/#organization","name":"Lek\u00e1re\u0148 MAJA","url":"https:\/\/www.lekarenmaja.sk\/","sameAs":["https:\/\/www.facebook.com\/lekarenmaja\/"],"logo":{"@type":"ImageObject","inLanguage":"hu","@id":"https:\/\/www.lekarenmaja.sk\/#\/schema\/logo\/image\/","url":"https:\/\/www.lekarenmaja.sk\/wp-content\/uploads\/2021\/02\/cropped-lekaren_maja_sturovo_logo_green-e1612973564725-1.png","contentUrl":"https:\/\/www.lekarenmaja.sk\/wp-content\/uploads\/2021\/02\/cropped-lekaren_maja_sturovo_logo_green-e1612973564725-1.png","width":2000,"height":765,"caption":"Lek\u00e1re\u0148 MAJA"},"image":{"@id":"https:\/\/www.lekarenmaja.sk\/#\/schema\/logo\/image\/"}},{"@type":"WebSite","@id":"https:\/\/www.lekarenmaja.sk\/#website","url":"https:\/\/www.lekarenmaja.sk\/","name":"+Lek\u00e1re\u0148 MAJA \u2022 \u0160t\u00farovo","description":"GY\u00d3GYSZEREK NEKED ~ szolg\u00e1ltat\u00e1saink k\u00f6zelebb vannak hozz\u00e1d","publisher":{"@id":"https:\/\/www.lekarenmaja.sk\/#organization"},"potentialAction":[{"@type":"SearchAction","target":{"@type":"EntryPoint","urlTemplate":"https:\/\/www.lekarenmaja.sk\/?s={search_term_string}"},"query-input":"required name=search_term_string"}],"inLanguage":"hu"},{"@type":"ImageObject","inLanguage":"hu","@id":"https:\/\/www.lekarenmaja.sk\/zoznam-kategorizovanych-liekov-kategorizalt-gyogyszerek-listaja\/#primaryimage","url":"https:\/\/www.lekarenmaja.sk\/wp-content\/uploads\/2021\/02\/pill.png","contentUrl":"https:\/\/www.lekarenmaja.sk\/wp-content\/uploads\/2021\/02\/pill.png","width":640,"height":640},{"@type":"WebPage","@id":"https:\/\/www.lekarenmaja.sk\/zoznam-kategorizovanych-liekov-kategorizalt-gyogyszerek-listaja\/#webpage","url":"https:\/\/www.lekarenmaja.sk\/zoznam-kategorizovanych-liekov-kategorizalt-gyogyszerek-listaja\/","name":"kategoriz\u00e1lt gy\u00f3gyszerek list\u00e1ja - Lek\u00e1re\u0148 MAJA \u2022 \u0160t\u00farovo","isPartOf":{"@id":"https:\/\/www.lekarenmaja.sk\/#website"},"primaryImageOfPage":{"@id":"https:\/\/www.lekarenmaja.sk\/zoznam-kategorizovanych-liekov-kategorizalt-gyogyszerek-listaja\/#primaryimage"},"datePublished":"2021-03-05T16:18:44+00:00","dateModified":"2021-05-10T19:00:44+00:00","description":"str\u00e1nka obsahuje aktu\u00e1lnu datab\u00e1za liekov v\u017edy pre aktu\u00e1lny mesiac, \u013eahko vyh\u013ead\u00e1te a vopred zist\u00edte doplatok za lieky na recept","breadcrumb":{"@id":"https:\/\/www.lekarenmaja.sk\/zoznam-kategorizovanych-liekov-kategorizalt-gyogyszerek-listaja\/#breadcrumb"},"inLanguage":"hu","potentialAction":[{"@type":"ReadAction","target":["https:\/\/www.lekarenmaja.sk\/zoznam-kategorizovanych-liekov-kategorizalt-gyogyszerek-listaja\/"]}]},{"@type":"BreadcrumbList","@id":"https:\/\/www.lekarenmaja.sk\/zoznam-kategorizovanych-liekov-kategorizalt-gyogyszerek-listaja\/#breadcrumb","itemListElement":[{"@type":"ListItem","position":1,"name":"Home","item":"https:\/\/www.lekarenmaja.sk\/"},{"@type":"ListItem","position":2,"name":"zoznam kategorizovan\u00fdch liekov"}]}]}},"_links":{"self":[{"href":"https:\/\/www.lekarenmaja.sk\/hu\/wp-json\/wp\/v2\/pages\/3042"}],"collection":[{"href":"https:\/\/www.lekarenmaja.sk\/hu\/wp-json\/wp\/v2\/pages"}],"about":[{"href":"https:\/\/www.lekarenmaja.sk\/hu\/wp-json\/wp\/v2\/types\/page"}],"author":[{"embeddable":true,"href":"https:\/\/www.lekarenmaja.sk\/hu\/wp-json\/wp\/v2\/users\/1"}],"replies":[{"embeddable":true,"href":"https:\/\/www.lekarenmaja.sk\/hu\/wp-json\/wp\/v2\/comments?post=3042"}],"version-history":[{"count":6,"href":"https:\/\/www.lekarenmaja.sk\/hu\/wp-json\/wp\/v2\/pages\/3042\/revisions"}],"predecessor-version":[{"id":4967,"href":"https:\/\/www.lekarenmaja.sk\/hu\/wp-json\/wp\/v2\/pages\/3042\/revisions\/4967"}],"wp:attachment":[{"href":"https:\/\/www.lekarenmaja.sk\/hu\/wp-json\/wp\/v2\/media?parent=3042"}],"curies":[{"name":"wp","href":"https:\/\/api.w.org\/{rel}","templated":true}]}}